{"id":8004,"date":"2025-08-15T16:49:58","date_gmt":"2025-08-15T16:49:58","guid":{"rendered":"https:\/\/carlosseda.com\/vida-escolar\/"},"modified":"2026-03-08T18:26:09","modified_gmt":"2026-03-08T18:26:09","slug":"vida-escolar","status":"publish","type":"page","link":"https:\/\/www.bellvercollege.com\/es\/vida-escolar\/","title":{"rendered":"Vida escolar"},"content":{"rendered":"","protected":false},"excerpt":{"rendered":"","protected":false},"author":1,"featured_media":0,"parent":0,"menu_order":0,"comment_status":"closed","ping_status":"closed","template":"","meta":{"inline_featured_image":false,"footnotes":""},"class_list":["post-8004","page","type-page","status-publish","hentry"],"yoast_head":"<!-- This site is optimized with the Yoast SEO plugin v27.2 - https:\/\/yoast.com\/product\/yoast-seo-wordpress\/ -->\n<title>Vida escolar | Cada curso acad\u00e9mico es \u00fanico | Bellver College<\/title>\n<meta name=\"description\" content=\"Descubra c\u00f3mo, en Bellver College, cada curso acad\u00e9mico se configura mediante experiencias que trascienden con creces el entorno del aula.\" \/>\n<meta name=\"robots\" content=\"index, follow, max-snippet:-1, max-image-preview:large, max-video-preview:-1\" \/>\n<link rel=\"canonical\" href=\"https:\/\/www.bellvercollege.com\/es\/vida-escolar\/\" \/>\n<meta property=\"og:locale\" content=\"es_ES\" \/>\n<meta property=\"og:type\" content=\"article\" \/>\n<meta property=\"og:title\" content=\"Vida escolar | Cada curso acad\u00e9mico es \u00fanico | Bellver College\" \/>\n<meta property=\"og:description\" content=\"Descubra c\u00f3mo, en Bellver College, cada curso acad\u00e9mico se configura mediante experiencias que trascienden con creces el entorno del aula.\" \/>\n<meta property=\"og:url\" content=\"https:\/\/www.bellvercollege.com\/es\/vida-escolar\/\" \/>\n<meta property=\"og:site_name\" content=\"Bellver College\" \/>\n<meta property=\"article:modified_time\" content=\"2026-03-08T18:26:09+00:00\" \/>\n<meta property=\"og:image\" content=\"https:\/\/www.bellvercollege.com\/wp-content\/uploads\/2025\/08\/home-slider-bellver-international-college-1.webp\" \/>\n\t<meta property=\"og:image:width\" content=\"1275\" \/>\n\t<meta property=\"og:image:height\" content=\"850\" \/>\n\t<meta property=\"og:image:type\" content=\"image\/webp\" \/>\n<meta name=\"twitter:card\" content=\"summary_large_image\" \/>\n<meta name=\"twitter:label1\" content=\"Tiempo de lectura\" \/>\n\t<meta name=\"twitter:data1\" content=\"9 minutos\" \/>\n<script type=\"application\/ld+json\" class=\"yoast-schema-graph\">{\"@context\":\"https:\/\/schema.org\",\"@graph\":[{\"@type\":\"WebPage\",\"@id\":\"https:\/\/www.bellvercollege.com\/es\/vida-escolar\/\",\"url\":\"https:\/\/www.bellvercollege.com\/es\/vida-escolar\/\",\"name\":\"Vida escolar | Cada curso acad\u00e9mico es \u00fanico | Bellver College\",\"isPartOf\":{\"@id\":\"https:\/\/www.bellvercollege.com\/es\/#website\"},\"datePublished\":\"2025-08-15T16:49:58+00:00\",\"dateModified\":\"2026-03-08T18:26:09+00:00\",\"description\":\"Descubra c\u00f3mo, en Bellver College, cada curso acad\u00e9mico se configura mediante experiencias que trascienden con creces el entorno del aula.\",\"breadcrumb\":{\"@id\":\"https:\/\/www.bellvercollege.com\/es\/vida-escolar\/#breadcrumb\"},\"inLanguage\":\"es\",\"potentialAction\":[{\"@type\":\"ReadAction\",\"target\":[\"https:\/\/www.bellvercollege.com\/es\/vida-escolar\/\"]}]},{\"@type\":\"BreadcrumbList\",\"@id\":\"https:\/\/www.bellvercollege.com\/es\/vida-escolar\/#breadcrumb\",\"itemListElement\":[{\"@type\":\"ListItem\",\"position\":1,\"name\":\"Home\",\"item\":\"https:\/\/www.bellvercollege.com\/es\/\"},{\"@type\":\"ListItem\",\"position\":2,\"name\":\"Vida escolar\"}]},{\"@type\":\"WebSite\",\"@id\":\"https:\/\/www.bellvercollege.com\/es\/#website\",\"url\":\"https:\/\/www.bellvercollege.com\/es\/\",\"name\":\"Bellver College\",\"description\":\"El colegio brit\u00e1nico privado m\u00e1s antiguo de Espa\u00f1a.\",\"potentialAction\":[{\"@type\":\"SearchAction\",\"target\":{\"@type\":\"EntryPoint\",\"urlTemplate\":\"https:\/\/www.bellvercollege.com\/es\/?s={search_term_string}\"},\"query-input\":{\"@type\":\"PropertyValueSpecification\",\"valueRequired\":true,\"valueName\":\"search_term_string\"}}],\"inLanguage\":\"es\"}]}<\/script>\n<!-- \/ Yoast SEO plugin. -->","yoast_head_json":{"title":"Vida escolar | Cada curso acad\u00e9mico es \u00fanico | Bellver College","description":"Descubra c\u00f3mo, en Bellver College, cada curso acad\u00e9mico se configura mediante experiencias que trascienden con creces el entorno del aula.","robots":{"index":"index","follow":"follow","max-snippet":"max-snippet:-1","max-image-preview":"max-image-preview:large","max-video-preview":"max-video-preview:-1"},"canonical":"https:\/\/www.bellvercollege.com\/es\/vida-escolar\/","og_locale":"es_ES","og_type":"article","og_title":"Vida escolar | Cada curso acad\u00e9mico es \u00fanico | Bellver College","og_description":"Descubra c\u00f3mo, en Bellver College, cada curso acad\u00e9mico se configura mediante experiencias que trascienden con creces el entorno del aula.","og_url":"https:\/\/www.bellvercollege.com\/es\/vida-escolar\/","og_site_name":"Bellver College","article_modified_time":"2026-03-08T18:26:09+00:00","og_image":[{"width":1275,"height":850,"url":"https:\/\/www.bellvercollege.com\/wp-content\/uploads\/2025\/08\/home-slider-bellver-international-college-1.webp","type":"image\/webp"}],"twitter_card":"summary_large_image","twitter_misc":{"Tiempo de lectura":"9 minutos"},"schema":{"@context":"https:\/\/schema.org","@graph":[{"@type":"WebPage","@id":"https:\/\/www.bellvercollege.com\/es\/vida-escolar\/","url":"https:\/\/www.bellvercollege.com\/es\/vida-escolar\/","name":"Vida escolar | Cada curso acad\u00e9mico es \u00fanico | Bellver College","isPartOf":{"@id":"https:\/\/www.bellvercollege.com\/es\/#website"},"datePublished":"2025-08-15T16:49:58+00:00","dateModified":"2026-03-08T18:26:09+00:00","description":"Descubra c\u00f3mo, en Bellver College, cada curso acad\u00e9mico se configura mediante experiencias que trascienden con creces el entorno del aula.","breadcrumb":{"@id":"https:\/\/www.bellvercollege.com\/es\/vida-escolar\/#breadcrumb"},"inLanguage":"es","potentialAction":[{"@type":"ReadAction","target":["https:\/\/www.bellvercollege.com\/es\/vida-escolar\/"]}]},{"@type":"BreadcrumbList","@id":"https:\/\/www.bellvercollege.com\/es\/vida-escolar\/#breadcrumb","itemListElement":[{"@type":"ListItem","position":1,"name":"Home","item":"https:\/\/www.bellvercollege.com\/es\/"},{"@type":"ListItem","position":2,"name":"Vida escolar"}]},{"@type":"WebSite","@id":"https:\/\/www.bellvercollege.com\/es\/#website","url":"https:\/\/www.bellvercollege.com\/es\/","name":"Bellver College","description":"El colegio brit\u00e1nico privado m\u00e1s antiguo de Espa\u00f1a.","potentialAction":[{"@type":"SearchAction","target":{"@type":"EntryPoint","urlTemplate":"https:\/\/www.bellvercollege.com\/es\/?s={search_term_string}"},"query-input":{"@type":"PropertyValueSpecification","valueRequired":true,"valueName":"search_term_string"}}],"inLanguage":"es"}]}},"_links":{"self":[{"href":"https:\/\/www.bellvercollege.com\/es\/wp-json\/wp\/v2\/pages\/8004","targetHints":{"allow":["GET"]}}],"collection":[{"href":"https:\/\/www.bellvercollege.com\/es\/wp-json\/wp\/v2\/pages"}],"about":[{"href":"https:\/\/www.bellvercollege.com\/es\/wp-json\/wp\/v2\/types\/page"}],"author":[{"embeddable":true,"href":"https:\/\/www.bellvercollege.com\/es\/wp-json\/wp\/v2\/users\/1"}],"replies":[{"embeddable":true,"href":"https:\/\/www.bellvercollege.com\/es\/wp-json\/wp\/v2\/comments?post=8004"}],"version-history":[{"count":5,"href":"https:\/\/www.bellvercollege.com\/es\/wp-json\/wp\/v2\/pages\/8004\/revisions"}],"predecessor-version":[{"id":8798,"href":"https:\/\/www.bellvercollege.com\/es\/wp-json\/wp\/v2\/pages\/8004\/revisions\/8798"}],"wp:attachment":[{"href":"https:\/\/www.bellvercollege.com\/es\/wp-json\/wp\/v2\/media?parent=8004"}],"curies":[{"name":"wp","href":"https:\/\/api.w.org\/{rel}","templated":true}]}}